{"id":83,"date":"2024-11-19T12:59:20","date_gmt":"2024-11-19T15:59:20","guid":{"rendered":"https:\/\/dinoplaygames.com.br\/?post_type=product&#038;p=83"},"modified":"2025-03-16T01:58:04","modified_gmt":"2025-03-16T04:58:04","slug":"pepper-grinder","status":"publish","type":"product","link":"https:\/\/dinoplaygames.com.br\/?product=pepper-grinder","title":{"rendered":"Pepper Grinder"},"content":{"rendered":"<h4 class=\"txt-block-title__subtitle txt-style-subtitle-bold\"><strong>O que \u00e9 Pepper Grinder?<\/strong><\/h4>\n<p class=\"txt-style-large-title txt-block-title__title\">Um jogo de aventura pirata cheio de a\u00e7\u00e3o estrelado por Pepper, uma alma navegante com paix\u00e3o por prospec\u00e7\u00e3o, e Grinder, seu dispositivo de perfura\u00e7\u00e3o superpoderoso.<\/p>\n","protected":false},"excerpt":{"rendered":"<p>O que \u00e9 Pepper Grinder? Um jogo de aventura pirata cheio de a\u00e7\u00e3o estrelado por Pepper, uma alma navegante com paix\u00e3o por prospec\u00e7\u00e3o, e Grinder, seu dispositivo de perfura\u00e7\u00e3o superpoderoso.<\/p>\n","protected":false},"featured_media":301,"comment_status":"open","ping_status":"closed","template":"","meta":[],"product_brand":[],"product_cat":[18],"product_tag":[],"class_list":{"0":"post-83","1":"product","2":"type-product","3":"status-publish","4":"has-post-thumbnail","6":"product_cat-ps5","8":"first","9":"outofstock","10":"taxable","11":"shipping-taxable","12":"purchasable","13":"product-type-variable","14":"has-default-attributes"},"_links":{"self":[{"href":"https:\/\/dinoplaygames.com.br\/index.php?rest_route=\/wp\/v2\/product\/83","targetHints":{"allow":["GET"]}}],"collection":[{"href":"https:\/\/dinoplaygames.com.br\/index.php?rest_route=\/wp\/v2\/product"}],"about":[{"href":"https:\/\/dinoplaygames.com.br\/index.php?rest_route=\/wp\/v2\/types\/product"}],"replies":[{"embeddable":true,"href":"https:\/\/dinoplaygames.com.br\/index.php?rest_route=%2Fwp%2Fv2%2Fcomments&post=83"}],"wp:featuredmedia":[{"embeddable":true,"href":"https:\/\/dinoplaygames.com.br\/index.php?rest_route=\/wp\/v2\/media\/301"}],"wp:attachment":[{"href":"https:\/\/dinoplaygames.com.br\/index.php?rest_route=%2Fwp%2Fv2%2Fmedia&parent=83"}],"wp:term":[{"taxonomy":"product_brand","embeddable":true,"href":"https:\/\/dinoplaygames.com.br\/index.php?rest_route=%2Fwp%2Fv2%2Fproduct_brand&post=83"},{"taxonomy":"product_cat","embeddable":true,"href":"https:\/\/dinoplaygames.com.br\/index.php?rest_route=%2Fwp%2Fv2%2Fproduct_cat&post=83"},{"taxonomy":"product_tag","embeddable":true,"href":"https:\/\/dinoplaygames.com.br\/index.php?rest_route=%2Fwp%2Fv2%2Fproduct_tag&post=83"}],"curies":[{"name":"wp","href":"https:\/\/api.w.org\/{rel}","templated":true}]}}