{"id":307,"date":"2025-03-16T02:09:18","date_gmt":"2025-03-16T05:09:18","guid":{"rendered":"https:\/\/dinoplaygames.com.br\/?post_type=product&#038;p=307"},"modified":"2025-03-16T02:27:49","modified_gmt":"2025-03-16T05:27:49","slug":"baldurs-gate-3","status":"publish","type":"product","link":"https:\/\/dinoplaygames.com.br\/?product=baldurs-gate-3","title":{"rendered":"Baldur&#8217;s Gate 3"},"content":{"rendered":"<p>Baldur&#8217;s Gate III \u00e9 um jogo eletr\u00f4nico de RPG desenvolvido e publicado pela Larian Studios. \u00c9 o terceiro jogo principal da s\u00e9rie Baldur&#8217;s Gate, que \u00e9 baseada no sistema de RPG de mesa Dungeons &amp; Dragons, dentro do cen\u00e1rio de Forgotten Realms.<\/p>\n","protected":false},"excerpt":{"rendered":"<p>Baldur&#8217;s Gate III \u00e9 um jogo eletr\u00f4nico de RPG desenvolvido e publicado pela Larian Studios. \u00c9 o terceiro jogo principal da s\u00e9rie Baldur&#8217;s Gate, que \u00e9 baseada no sistema de RPG de mesa Dungeons &amp; Dragons, dentro do cen\u00e1rio de Forgotten Realms.<\/p>\n","protected":false},"featured_media":308,"comment_status":"open","ping_status":"closed","template":"","meta":[],"product_brand":[],"product_cat":[15],"product_tag":[],"class_list":{"0":"post-307","1":"product","2":"type-product","3":"status-publish","4":"has-post-thumbnail","6":"product_cat-uncategorized","8":"first","9":"instock","10":"taxable","11":"shipping-taxable","12":"purchasable","13":"product-type-variable"},"_links":{"self":[{"href":"https:\/\/dinoplaygames.com.br\/index.php?rest_route=\/wp\/v2\/product\/307","targetHints":{"allow":["GET"]}}],"collection":[{"href":"https:\/\/dinoplaygames.com.br\/index.php?rest_route=\/wp\/v2\/product"}],"about":[{"href":"https:\/\/dinoplaygames.com.br\/index.php?rest_route=\/wp\/v2\/types\/product"}],"replies":[{"embeddable":true,"href":"https:\/\/dinoplaygames.com.br\/index.php?rest_route=%2Fwp%2Fv2%2Fcomments&post=307"}],"wp:featuredmedia":[{"embeddable":true,"href":"https:\/\/dinoplaygames.com.br\/index.php?rest_route=\/wp\/v2\/media\/308"}],"wp:attachment":[{"href":"https:\/\/dinoplaygames.com.br\/index.php?rest_route=%2Fwp%2Fv2%2Fmedia&parent=307"}],"wp:term":[{"taxonomy":"product_brand","embeddable":true,"href":"https:\/\/dinoplaygames.com.br\/index.php?rest_route=%2Fwp%2Fv2%2Fproduct_brand&post=307"},{"taxonomy":"product_cat","embeddable":true,"href":"https:\/\/dinoplaygames.com.br\/index.php?rest_route=%2Fwp%2Fv2%2Fproduct_cat&post=307"},{"taxonomy":"product_tag","embeddable":true,"href":"https:\/\/dinoplaygames.com.br\/index.php?rest_route=%2Fwp%2Fv2%2Fproduct_tag&post=307"}],"curies":[{"name":"wp","href":"https:\/\/api.w.org\/{rel}","templated":true}]}}