{"id":159,"date":"2024-12-02T23:26:09","date_gmt":"2024-12-03T02:26:09","guid":{"rendered":"https:\/\/dinoplaygames.com.br\/?post_type=product&#038;p=159"},"modified":"2025-03-16T01:56:00","modified_gmt":"2025-03-16T04:56:00","slug":"black-myth-wukong","status":"publish","type":"product","link":"https:\/\/dinoplaygames.com.br\/?product=black-myth-wukong","title":{"rendered":"Black Myth: Wukong"},"content":{"rendered":"<p><strong>Black Myth: Wukong<\/strong> \u00e9 um jogo de RPG de a\u00e7\u00e3o desenvolvido pela <em>Game Science<\/em>, baseado no romance chin\u00eas cl\u00e1ssico do s\u00e9culo 16, Journey to the West. A jogabilidade foi descrita como semelhante \u00e0 de jogos da s\u00e9rie Souls e God of War.<\/p>\n","protected":false},"excerpt":{"rendered":"<p>Black Myth: Wukong \u00e9 um jogo de RPG de a\u00e7\u00e3o desenvolvido pela Game Science, baseado no romance chin\u00eas cl\u00e1ssico do s\u00e9culo 16, Journey to the West. A jogabilidade foi descrita como semelhante \u00e0 de jogos da s\u00e9rie Souls e God of War.<\/p>\n","protected":false},"featured_media":296,"comment_status":"open","ping_status":"closed","template":"","meta":[],"product_brand":[],"product_cat":[18],"product_tag":[],"class_list":{"0":"post-159","1":"product","2":"type-product","3":"status-publish","4":"has-post-thumbnail","6":"product_cat-ps5","8":"first","9":"instock","10":"taxable","11":"shipping-taxable","12":"purchasable","13":"product-type-variable","14":"has-default-attributes"},"_links":{"self":[{"href":"https:\/\/dinoplaygames.com.br\/index.php?rest_route=\/wp\/v2\/product\/159","targetHints":{"allow":["GET"]}}],"collection":[{"href":"https:\/\/dinoplaygames.com.br\/index.php?rest_route=\/wp\/v2\/product"}],"about":[{"href":"https:\/\/dinoplaygames.com.br\/index.php?rest_route=\/wp\/v2\/types\/product"}],"replies":[{"embeddable":true,"href":"https:\/\/dinoplaygames.com.br\/index.php?rest_route=%2Fwp%2Fv2%2Fcomments&post=159"}],"wp:featuredmedia":[{"embeddable":true,"href":"https:\/\/dinoplaygames.com.br\/index.php?rest_route=\/wp\/v2\/media\/296"}],"wp:attachment":[{"href":"https:\/\/dinoplaygames.com.br\/index.php?rest_route=%2Fwp%2Fv2%2Fmedia&parent=159"}],"wp:term":[{"taxonomy":"product_brand","embeddable":true,"href":"https:\/\/dinoplaygames.com.br\/index.php?rest_route=%2Fwp%2Fv2%2Fproduct_brand&post=159"},{"taxonomy":"product_cat","embeddable":true,"href":"https:\/\/dinoplaygames.com.br\/index.php?rest_route=%2Fwp%2Fv2%2Fproduct_cat&post=159"},{"taxonomy":"product_tag","embeddable":true,"href":"https:\/\/dinoplaygames.com.br\/index.php?rest_route=%2Fwp%2Fv2%2Fproduct_tag&post=159"}],"curies":[{"name":"wp","href":"https:\/\/api.w.org\/{rel}","templated":true}]}}